{"id":7336,"date":"2016-05-24T08:31:41","date_gmt":"2016-05-24T06:31:41","guid":{"rendered":"https:\/\/onethousandcampers.com\/avis-legal-2\/"},"modified":"2025-12-02T10:29:31","modified_gmt":"2025-12-02T09:29:31","slug":"avis-legal","status":"publish","type":"page","link":"https:\/\/onethousandcampers.com\/ca\/avis-legal\/","title":{"rendered":"Av\u00eds Legal"},"content":{"rendered":"\t\t<div data-elementor-type=\"wp-page\" data-elementor-id=\"7336\" class=\"elementor elementor-7336 elementor-122\">\n\t\t\t\t\t\t<section class=\"elementor-section elementor-top-section elementor-element elementor-element-3996cf60 elementor-section-boxed elementor-section-height-default elementor-section-height-default\" data-id=\"3996cf60\" data-element_type=\"section\" data-e-type=\"section\" data-settings=\"{&quot;jet_parallax_layout_list&quot;:[]}\">\n\t\t\t\t\t\t<div class=\"elementor-container elementor-column-gap-default\">\n\t\t\t\t\t<div class=\"elementor-column elementor-col-100 elementor-top-column elementor-element elementor-element-4412ace\" data-id=\"4412ace\" data-element_type=\"column\" data-e-type=\"column\">\n\t\t\t<div class=\"elementor-widget-wrap elementor-element-populated\">\n\t\t\t\t\t\t<div class=\"elementor-element elementor-element-7128500d elementor-widget elementor-widget-text-editor\" data-id=\"7128500d\" data-element_type=\"widget\" data-e-type=\"widget\" data-widget_type=\"text-editor.default\">\n\t\t\t\t\t\t\t\t\t<div class=\"avis\"><h4><strong>INFORMACI\u00d3 GENERAL<\/strong><\/h4><p>Aquesta p\u00e0gina Web \u00e9s propietat de <strong>Josep Freixa Ors<\/strong> amb domicili a: Carrer Uni\u00f3 n\u00ba12, 08506 &#8211; Calldetenes (Barcelona).<\/p><\/div><div class=\"avis\">Per a qualsevol consulta o proposta, contacti&#8217;ns en l&#8217;e-mail: <a class=\"enllas\" title=\"Contacte\" href=\"mailto:info@onethousandcampers.com\">info@onethousandcampers.com<\/a><br>Aquesta Web compleix rigorosament amb La Llei Org\u00e0nica 15\/1999, de 13 de desembre, de protecci\u00f3 de dades de car\u00e0cter personal (LOPD), i amb Reial Decret 1720\/2007, de 21 de desembre, conegut com a Reglament de desenvolupament de la LOPD. Compleix tamb\u00e9 amb el Reglament (UE) 2016\/679 de el Parlament Europeu i de Consell de 27 d&#8217;abril de 2016 relatiu a la protecci\u00f3 de les persones f\u00edsiques (RGPD), aix\u00ed com amb la Llei 34\/2002, de 11 de juliol, de serveis de la Societat de la Informaci\u00f3 i Comer\u00e7 Electr\u00f2nic (LSSICE o LSSI). <\/div><div class=\"avis\"><p>Amb car\u00e0cter general, les relacions amb els usuaris, que es derivin de la prestaci\u00f3 dels serveis continguts en aquesta p\u00e0gina web, estan sotmesos a la legislaci\u00f3 i jurisdicci\u00f3 espanyola, quedant sotmesa a ella, tant nacionals com estrangers que utilitzin aquesta Web. Els usuaris d&#8217;aquesta p\u00e0gina web s\u00f3n conscients de tot el que hi ha exposat i ho accepten volunt\u00e0riament. <\/p><p>L&#8217;acc\u00e9s a la nostra p\u00e0gina Web per part de l&#8217;USUARI \u00e9s gratu\u00eft i est\u00e0 condicionat a la pr\u00e8via lectura i acceptaci\u00f3 integra, expressa i sense reserves de les presents CONDICIONS GENERALS D&#8217;\u00daS vigents en el moment de l&#8217;acc\u00e9s, que preguem llegeixi detingudament. L&#8217;USUARI en el moment que utilitza el nostre portal, els seus continguts o serveis, accepta i se sotmet expressament a les condicions generals d&#8217;\u00fas de la mateixa. Si l&#8217;usuari no estigu\u00e9s d&#8217;acord amb les presents condicions d&#8217;\u00fas, s&#8217;haur\u00e0 d&#8217;abstenir d&#8217;utilitzar aquest portal i operar per mitj\u00e0 del mateix.  <\/p><p>En qualsevol moment podrem modificar la presentaci\u00f3 i configuraci\u00f3 de la nostra Web, ampliar o reduir serveis, i fins i tot suprimir-la de la xarxa, aix\u00ed com els serveis i continguts prestats, tot aix\u00f2 de forma unilateral i sense previ av\u00eds.<br><br><\/p><\/div><div class=\"avis\"><h4><strong> A. PROPIETAT INTEL\u00b7LECTUAL<\/strong><\/h4><p>Tots els continguts, textos, imatges, marques i codis font s\u00f3n de la nostra propietat o de tercers als quals s&#8217;han adquirit els seus drets d&#8217;explotaci\u00f3, i estan protegits pels drets de Propietat Intel\u00b7lectual i Industrial. L&#8217;usuari \u00fanicament t\u00e9 dret a un \u00fas privat dels mateixos, sense \u00e0nim de lucre, i necessita autoritzaci\u00f3 expressa per modificar-los, reproduir-los, explotar-los, distribuir-los o exercir qualsevol dret pertanyent al seu titular. <br><br><\/p><h4><strong>B. CONDICIONES D&#8217;ACC\u00c9S<\/strong><\/h4><p>L&#8217;acc\u00e9s a la nostra p\u00e0gina web \u00e9s gratu\u00eft i no exigeix \u200b\u200bpr\u00e8via subscripci\u00f3 o registre. L&#8217;enviament de dades personals implica l&#8217;acceptaci\u00f3 expressa per part de l&#8217;USUARI de la nostra pol\u00edtica de privacitat. L&#8217;usuari ha d&#8217;accedir a la nostra p\u00e0gina web conforme a la bona fe, les normes d&#8217;ordre p\u00fablic ia les presents Condicions Generals d&#8217;\u00fas. L&#8217;acc\u00e9s al nostre lloc Web es realitza sota la pr\u00f2pia i exclusiva de l&#8217;usuari, que respondr\u00e0 en tot cas dels danys i perjudicis que pugui causar a tercers oa nosaltres mateixos. Tenint en compte la impossibilitat de control respecte a la informaci\u00f3, continguts i serveis que continguin altres p\u00e0gines web als quals es pugui accedir a trav\u00e9s dels enlla\u00e7os que la nostra p\u00e0gina web pugui posar a la seva disposici\u00f3, li comuniquem que vam quedar eximits de qualsevol responsabilitat per els danys i perjudicis de tota classe que poguessin derivar per la utilitzaci\u00f3 d&#8217;aquestes p\u00e0gines web alienes a la nostra empresa, per part de l&#8217;usuari.    <br><br><\/p><h4 id=\"politica\"><strong>C. POL\u00cdTICA DE PRIVACITAT<\/strong><\/h4><p>La confidencialitat i la seguretat s\u00f3n valors primordials, en conseq\u00fc\u00e8ncia, assumim el comprom\u00eds de garantir la privacitat de l&#8217;usuari en tot moment i de no recaptar informaci\u00f3 innecess\u00e0ria. A continuaci\u00f3, li proporcionem tota la informaci\u00f3 necess\u00e0ria sobre la nostra Pol\u00edtica de Privacitat en relaci\u00f3 amb les dades personals que recaptem, explicant-li: <\/p><ul><li>Qui \u00e9s el responsable de l&#8217;tractament de les seves dades.<\/li><li>Per a quines finalitats demanem les dades que li demanem.<\/li><li>Quina \u00e9s la legitimaci\u00f3 per al seu tractament.<\/li><li>Durant quant de temps els conservem.<\/li><li>A qu\u00e8 destinataris es comuniquen les seves dades.<\/li><li>Quins s\u00f3n els seus drets.<\/li><\/ul><ol><li>1. RESPONSABLE<\/li><\/ol><p> <strong> Josep Freixa Ors <\/strong><br>Tel. <a href=\"tel:#\">+34 619 12 75 87<\/a><br>Carrer Uni\u00f3 n\u00ba12,<br>08506 &#8211; Calldetenes (Barcelona).<br><a class=\"enllas\" title=\"Contacte\" href=\"mailto:info@onethousandcampers.com\"> info@onethousandcampers.com <\/a><br><a class=\"enllas\" title=\"Contacte\" href=\"https:\/\/onethousandcampers.com\/ca\/\"> www.onethousandcampers.com<\/a><\/p><ol><li>2. FINALITATS, LEGITIMACI\u00d3 I CONSERVACI\u00d3<\/li><\/ol><p>A trav\u00e9s dels seg\u00fcents mitjans de captaci\u00f3 de dades: Formulari de contacte i enviament de correu electr\u00f2nic. Finalitat: Contestar les seves sol\u00b7licituds d&#8217;informaci\u00f3, atendre les seves peticions i respondre les seves consultes o dubtes. Legitimaci\u00f3: El consentiment de l&#8217;usuari a l&#8217;sol\u00b7licitar-nos informaci\u00f3 a trav\u00e9s de l&#8217;adre\u00e7a de correu electr\u00f2nic o enviar-nos les seves dades a trav\u00e9s del nostre formulari de contacte. Conservaci\u00f3: Un cop resulti contestada la seva petici\u00f3 per correu electr\u00f2nic o per mitj\u00e0 del nostre formulari de contacte, si no ha generat un nou tractament, o si sol\u00b7licita l&#8217;eliminaci\u00f3 de les dades.   <\/p><p> <strong>Obligaci\u00f3 de facilitar les seves dades personals i conseq\u00fc\u00e8ncies de no fer-ho<\/strong>.<br>El subministrament de dades personals requereix una edat m\u00ednima de 14 anys, o, si s&#8217;escau, disposar de capacitat jur\u00eddica suficient per contractar. Les dades personals sol\u00b7licitades s\u00f3n necess\u00e0ries per gestionar les seves sol\u00b7licituds, donar-li d&#8217;alta com a usuari i \/ o prestar-li els serveis que pugui contractar, de manera que, si no ens les facilita, no podrem atendre-correctament ni prestar-li el servei que ha sol\u00b7licitat. En tot cas, ens reservem el dret de decidir sobre la incorporaci\u00f3 o no de les seves dades personals i altra informaci\u00f3 a les nostres bases de dades.  <\/p><ol start=\"3\"><li>3. DESTINATARIS DE LES SEVES DADES<\/li><\/ol><p>Les seves dades s\u00f3n confidencials i no se cediran a tercers, llevat que hi hagi obligaci\u00f3 legal.<\/p><ol start=\"4\"><li>4. DRETS EN RELACI\u00d3 AMB LES SEVES DADES PERSONALS.<\/li><\/ol><p>Qualsevol persona pot retirar el seu consentiment en qualsevol moment, quan el mateix s&#8217;hagi atorgat pel tractament de les seves dades. En cap cas, la retirada d&#8217;aquest consentiment condiciona l&#8217;execuci\u00f3 de l&#8217;contracte de subscripci\u00f3 o les relacions generades amb anterioritat. Igualment, pot exercir els seg\u00fcents drets:<\/p><ul><li>Sol\u00b7licitar l&#8217;acc\u00e9s a les seves dades personals o la seva rectificaci\u00f3 quan siguin inexactes.<\/li><li>Sol\u00b7licitar la seva supressi\u00f3 quan, entre d&#8217;altres motius, les dades ja no siguin necessaris per als fins per als quals van ser recollides.<\/li><li>Sol\u00b7licitar la limitaci\u00f3 del seu tractament en determinades circumst\u00e0ncies.<\/li><li>Sol\u00b7licitar l&#8217;oposici\u00f3 a l&#8217;tractament de les seves dades per motius relacionats amb la seva situaci\u00f3 particular.<\/li><li>Sol\u00b7licitar la portabilitat de les dades en els casos que preveu la normativa.<\/li><li>Altres drets reconeguts en les normatives aplicables.<\/li><\/ul><p><u>On i com sol\u00b7licitar els seus Drets<\/u>: Mitjan\u00e7ant un escrit dirigit a l&#8217;responsable a la seva adre\u00e7a postal o electr\u00f2nica (indicades en l&#8217;apartat 1.RESPONSABLE), indicant la refer\u00e8ncia &#8220;Dades Personals&#8221;, especificant el dret que es vol exercir i respecte a quines dades personals. En cas de diverg\u00e8ncies amb l&#8217;empresa en relaci\u00f3 amb el tractament de les seves dades, pot presentar una reclamaci\u00f3 davant l&#8217;Ag\u00e8ncia de Protecci\u00f3 de Dades (<a href=\"http:\/\/www.agpd.es\" target=\"_blank\" rel=\"noopener\">www.agpd.es<\/a>).<\/p><ol start=\"5\"><li>5. SEGURETAT DE LES SEVES DADES PERSONALS<\/li><\/ol><p>Amb l&#8217;objectiu de salvaguardar la seguretat de les vostres dades personals, us informem que hem adoptat totes les mesures d&#8217;\u00edndole t\u00e8cnica i organitzativa necess\u00e0ries per garantir la seguretat de les dades personals subministrades de la vostra alteraci\u00f3, p\u00e8rdua i tractaments o accessos no autoritzats.<\/p><ol start=\"6\"><li>6. ACTUALITZACI\u00d3 DE LES SEVES DADES<\/li><\/ol><p>\u00c9s important que perqu\u00e8 puguem mantenir les seves dades personals actualitzades, ens informi sempre que hagi hagut alguna modificaci\u00f3 en ells, en cas contrari, no responem de la veracitat dels mateixos. No ens fem responsables de la pol\u00edtica de privacitat respecte a les dades personals que pugui facilitar a tercers per mitj\u00e0 dels enlla\u00e7os disponibles a la nostra p\u00e0gina web. La present Pol\u00edtica de Privacitat pot ser modificada per adaptar-les als canvis que es produeixin en la nostra web, aix\u00ed com modificacions legislatives o jurisprudencials sobre dades personals que vagin apareixent, pel que exigeix \u200b\u200bla seva lectura, cada vegada que ens faciliti les seves dades a trav\u00e9s de aquest web.<br><br><\/p><h4><strong>D. RESPONSABILITATS<\/strong><\/h4><p>A posar a disposici\u00f3 de l&#8217;usuari aquesta p\u00e0gina Web volem oferir-li un servei de qualitat, utilitzant la m\u00e0xima dilig\u00e8ncia en la prestaci\u00f3 del mateix, aix\u00ed com en els mitjans tecnol\u00f2gics utilitzats. No obstant, no respondrem de la pres\u00e8ncia de virus i altres elements que d&#8217;alguna manera puguin danyar el sistema inform\u00e0tic de l&#8217;usuari. No garantim que la disponibilitat de el servei sigui cont\u00ednua i ininterrompuda. L&#8217;usuari t\u00e9 prohibit qualsevol tipus d&#8217;acci\u00f3 sobre el nostre portal que origini una excessiva sobrec\u00e0rrega de funcionament als nostres sistemes inform\u00e0tics, aix\u00ed com la introducci\u00f3 de virus, o instal\u00b7laci\u00f3 de robots, o programari que alteri el normal funcionament de la nostra web, o en definitiva pugui causar danys als nostres sistemes inform\u00e0tics. L&#8217;usuari assumeix tota la responsabilitat derivada de l&#8217;\u00fas de la nostra p\u00e0gina web. L&#8217;USUARI reconeix que ha ent\u00e8s tota la informaci\u00f3 respecte a les condicions d&#8217;\u00fas del nostre portal, i reconeix que s\u00f3n suficients per a l&#8217;exclusi\u00f3 de l&#8217;error en les mateixes, i per tant, les accepta integra i expressament.<br><br><\/p><h4><strong>E. UTILITZACI\u00d3 DE COOKIES<\/strong><\/h4><p>Advertim que aquesta web utilitza cookies anal\u00edtiques per tal d&#8217;arreplegar estad\u00edstiques per millorar la p\u00e0gina web. L&#8217;usuari t\u00e9 l&#8217;opci\u00f3 d&#8217;impedir la generaci\u00f3 de cookies, mitjan\u00e7ant la selecci\u00f3 de la corresponent opci\u00f3 en el seu programa de navegaci\u00f3. Per entendre i saber m\u00e9s pots llegir la nostra <a href=\"https:\/\/onethousandcampers.com\/ca\/politica-de-cookies-2\/\">pol\u00edtica de cookies<\/a>.<\/p><\/div>\t\t\t\t\t\t\t\t<\/div>\n\t\t\t\t\t<\/div>\n\t\t<\/div>\n\t\t\t\t\t<\/div>\n\t\t<\/section>\n\t\t\t\t<\/div>\n\t\t","protected":false},"excerpt":{"rendered":"<p>INFORMACI\u00d3 GENERAL Aquesta p\u00e0gina Web \u00e9s propietat de Josep Freixa Ors amb domicili a: Carrer Uni\u00f3 n\u00ba12, 08506 &#8211; Calldetenes (Barcelona). Per a qualsevol consulta o proposta, contacti&#8217;ns en l&#8217;e-mail: info@onethousandcampers.comAquesta Web compleix rigorosament amb La Llei Org\u00e0nica 15\/1999, de 13 de desembre, de protecci\u00f3 de dades de car\u00e0cter personal (LOPD), i amb Reial Decret [&hellip;]<\/p>\n","protected":false},"author":1,"featured_media":0,"parent":0,"menu_order":0,"comment_status":"closed","ping_status":"closed","template":"","meta":{"footnotes":""},"class_list":["post-7336","page","type-page","status-publish","hentry"],"yoast_head":"<!-- This site is optimized with the Yoast SEO plugin v27.5 - https:\/\/yoast.com\/product\/yoast-seo-wordpress\/ -->\n<title>Av\u00eds Legal - One Thousand Campers<\/title>\n<meta name=\"robots\" content=\"noindex, follow\" \/>\n<meta property=\"og:locale\" content=\"ca_ES\" \/>\n<meta property=\"og:type\" content=\"article\" \/>\n<meta property=\"og:title\" content=\"Av\u00eds Legal - One Thousand Campers\" \/>\n<meta property=\"og:description\" content=\"INFORMACI\u00d3 GENERAL Aquesta p\u00e0gina Web \u00e9s propietat de Josep Freixa Ors amb domicili a: Carrer Uni\u00f3 n\u00ba12, 08506 &#8211; Calldetenes (Barcelona). Per a qualsevol consulta o proposta, contacti&#8217;ns en l&#8217;e-mail: info@onethousandcampers.comAquesta Web compleix rigorosament amb La Llei Org\u00e0nica 15\/1999, de 13 de desembre, de protecci\u00f3 de dades de car\u00e0cter personal (LOPD), i amb Reial Decret [&hellip;]\" \/>\n<meta property=\"og:url\" content=\"https:\/\/onethousandcampers.com\/ca\/avis-legal\/\" \/>\n<meta property=\"og:site_name\" content=\"One Thousand Campers\" \/>\n<meta property=\"article:modified_time\" content=\"2025-12-02T09:29:31+00:00\" \/>\n<meta name=\"twitter:card\" content=\"summary_large_image\" \/>\n<meta name=\"twitter:label1\" content=\"Temps estimat de lectura\" \/>\n\t<meta name=\"twitter:data1\" content=\"8 minuts\" \/>\n<script type=\"application\/ld+json\" class=\"yoast-schema-graph\">{\"@context\":\"https:\\\/\\\/schema.org\",\"@graph\":[{\"@type\":\"WebPage\",\"@id\":\"https:\\\/\\\/onethousandcampers.com\\\/ca\\\/avis-legal\\\/\",\"url\":\"https:\\\/\\\/onethousandcampers.com\\\/ca\\\/avis-legal\\\/\",\"name\":\"Av\u00eds Legal - One Thousand Campers\",\"isPartOf\":{\"@id\":\"https:\\\/\\\/onethousandcampers.com\\\/ca\\\/#website\"},\"datePublished\":\"2016-05-24T06:31:41+00:00\",\"dateModified\":\"2025-12-02T09:29:31+00:00\",\"breadcrumb\":{\"@id\":\"https:\\\/\\\/onethousandcampers.com\\\/ca\\\/avis-legal\\\/#breadcrumb\"},\"inLanguage\":\"ca\",\"potentialAction\":[{\"@type\":\"ReadAction\",\"target\":[\"https:\\\/\\\/onethousandcampers.com\\\/ca\\\/avis-legal\\\/\"]}]},{\"@type\":\"BreadcrumbList\",\"@id\":\"https:\\\/\\\/onethousandcampers.com\\\/ca\\\/avis-legal\\\/#breadcrumb\",\"itemListElement\":[{\"@type\":\"ListItem\",\"position\":1,\"name\":\"Portada\",\"item\":\"https:\\\/\\\/onethousandcampers.com\\\/ca\\\/inici\\\/\"},{\"@type\":\"ListItem\",\"position\":2,\"name\":\"Av\u00eds Legal\"}]},{\"@type\":\"WebSite\",\"@id\":\"https:\\\/\\\/onethousandcampers.com\\\/ca\\\/#website\",\"url\":\"https:\\\/\\\/onethousandcampers.com\\\/ca\\\/\",\"name\":\"One Thousand Campers\",\"description\":\"Todo se puede camperizar\",\"publisher\":{\"@id\":\"https:\\\/\\\/onethousandcampers.com\\\/ca\\\/#organization\"},\"potentialAction\":[{\"@type\":\"SearchAction\",\"target\":{\"@type\":\"EntryPoint\",\"urlTemplate\":\"https:\\\/\\\/onethousandcampers.com\\\/ca\\\/?s={search_term_string}\"},\"query-input\":{\"@type\":\"PropertyValueSpecification\",\"valueRequired\":true,\"valueName\":\"search_term_string\"}}],\"inLanguage\":\"ca\"},{\"@type\":\"Organization\",\"@id\":\"https:\\\/\\\/onethousandcampers.com\\\/ca\\\/#organization\",\"name\":\"One Thousand Campers\",\"url\":\"https:\\\/\\\/onethousandcampers.com\\\/ca\\\/\",\"logo\":{\"@type\":\"ImageObject\",\"inLanguage\":\"ca\",\"@id\":\"https:\\\/\\\/onethousandcampers.com\\\/ca\\\/#\\\/schema\\\/logo\\\/image\\\/\",\"url\":\"https:\\\/\\\/onethousandcampers.com\\\/wp-content\\\/uploads\\\/2019\\\/10\\\/cropped-cropped-icona-1.png\",\"contentUrl\":\"https:\\\/\\\/onethousandcampers.com\\\/wp-content\\\/uploads\\\/2019\\\/10\\\/cropped-cropped-icona-1.png\",\"width\":428,\"height\":427,\"caption\":\"One Thousand Campers\"},\"image\":{\"@id\":\"https:\\\/\\\/onethousandcampers.com\\\/ca\\\/#\\\/schema\\\/logo\\\/image\\\/\"}}]}<\/script>\n<!-- \/ Yoast SEO plugin. -->","yoast_head_json":{"title":"Av\u00eds Legal - One Thousand Campers","robots":{"index":"noindex","follow":"follow"},"og_locale":"ca_ES","og_type":"article","og_title":"Av\u00eds Legal - One Thousand Campers","og_description":"INFORMACI\u00d3 GENERAL Aquesta p\u00e0gina Web \u00e9s propietat de Josep Freixa Ors amb domicili a: Carrer Uni\u00f3 n\u00ba12, 08506 &#8211; Calldetenes (Barcelona). Per a qualsevol consulta o proposta, contacti&#8217;ns en l&#8217;e-mail: info@onethousandcampers.comAquesta Web compleix rigorosament amb La Llei Org\u00e0nica 15\/1999, de 13 de desembre, de protecci\u00f3 de dades de car\u00e0cter personal (LOPD), i amb Reial Decret [&hellip;]","og_url":"https:\/\/onethousandcampers.com\/ca\/avis-legal\/","og_site_name":"One Thousand Campers","article_modified_time":"2025-12-02T09:29:31+00:00","twitter_card":"summary_large_image","twitter_misc":{"Temps estimat de lectura":"8 minuts"},"schema":{"@context":"https:\/\/schema.org","@graph":[{"@type":"WebPage","@id":"https:\/\/onethousandcampers.com\/ca\/avis-legal\/","url":"https:\/\/onethousandcampers.com\/ca\/avis-legal\/","name":"Av\u00eds Legal - One Thousand Campers","isPartOf":{"@id":"https:\/\/onethousandcampers.com\/ca\/#website"},"datePublished":"2016-05-24T06:31:41+00:00","dateModified":"2025-12-02T09:29:31+00:00","breadcrumb":{"@id":"https:\/\/onethousandcampers.com\/ca\/avis-legal\/#breadcrumb"},"inLanguage":"ca","potentialAction":[{"@type":"ReadAction","target":["https:\/\/onethousandcampers.com\/ca\/avis-legal\/"]}]},{"@type":"BreadcrumbList","@id":"https:\/\/onethousandcampers.com\/ca\/avis-legal\/#breadcrumb","itemListElement":[{"@type":"ListItem","position":1,"name":"Portada","item":"https:\/\/onethousandcampers.com\/ca\/inici\/"},{"@type":"ListItem","position":2,"name":"Av\u00eds Legal"}]},{"@type":"WebSite","@id":"https:\/\/onethousandcampers.com\/ca\/#website","url":"https:\/\/onethousandcampers.com\/ca\/","name":"One Thousand Campers","description":"Todo se puede camperizar","publisher":{"@id":"https:\/\/onethousandcampers.com\/ca\/#organization"},"potentialAction":[{"@type":"SearchAction","target":{"@type":"EntryPoint","urlTemplate":"https:\/\/onethousandcampers.com\/ca\/?s={search_term_string}"},"query-input":{"@type":"PropertyValueSpecification","valueRequired":true,"valueName":"search_term_string"}}],"inLanguage":"ca"},{"@type":"Organization","@id":"https:\/\/onethousandcampers.com\/ca\/#organization","name":"One Thousand Campers","url":"https:\/\/onethousandcampers.com\/ca\/","logo":{"@type":"ImageObject","inLanguage":"ca","@id":"https:\/\/onethousandcampers.com\/ca\/#\/schema\/logo\/image\/","url":"https:\/\/onethousandcampers.com\/wp-content\/uploads\/2019\/10\/cropped-cropped-icona-1.png","contentUrl":"https:\/\/onethousandcampers.com\/wp-content\/uploads\/2019\/10\/cropped-cropped-icona-1.png","width":428,"height":427,"caption":"One Thousand Campers"},"image":{"@id":"https:\/\/onethousandcampers.com\/ca\/#\/schema\/logo\/image\/"}}]}},"_links":{"self":[{"href":"https:\/\/onethousandcampers.com\/ca\/wp-json\/wp\/v2\/pages\/7336","targetHints":{"allow":["GET"]}}],"collection":[{"href":"https:\/\/onethousandcampers.com\/ca\/wp-json\/wp\/v2\/pages"}],"about":[{"href":"https:\/\/onethousandcampers.com\/ca\/wp-json\/wp\/v2\/types\/page"}],"author":[{"embeddable":true,"href":"https:\/\/onethousandcampers.com\/ca\/wp-json\/wp\/v2\/users\/1"}],"replies":[{"embeddable":true,"href":"https:\/\/onethousandcampers.com\/ca\/wp-json\/wp\/v2\/comments?post=7336"}],"version-history":[{"count":3,"href":"https:\/\/onethousandcampers.com\/ca\/wp-json\/wp\/v2\/pages\/7336\/revisions"}],"predecessor-version":[{"id":7871,"href":"https:\/\/onethousandcampers.com\/ca\/wp-json\/wp\/v2\/pages\/7336\/revisions\/7871"}],"wp:attachment":[{"href":"https:\/\/onethousandcampers.com\/ca\/wp-json\/wp\/v2\/media?parent=7336"}],"curies":[{"name":"wp","href":"https:\/\/api.w.org\/{rel}","templated":true}]}}